{"id":933,"date":"2023-04-10T12:24:10","date_gmt":"2023-04-10T12:24:10","guid":{"rendered":"https:\/\/www.theshift.today\/wie-wir-arbeiten\/"},"modified":"2023-11-22T14:26:12","modified_gmt":"2023-11-22T14:26:12","slug":"wie-wir-arbeiten","status":"publish","type":"page","link":"https:\/\/www.theshift.today\/de\/wie-wir-arbeiten\/","title":{"rendered":"WIE WIR ARBEITEN"},"content":{"rendered":"    <section class=\"shift_innerpage_banner\">\n        <div class=\"bg_area\">\n            <img decoding=\"async\" src=\"https:\/\/www.theshift.today\/wp-content\/uploads\/2023\/04\/how_we_work.jpg\" alt=\"\">\n        <\/div>\n        <div class=\"page_name_area\">\n            <div class=\"page_name\">\n                <div class=\"page_title\">\n                    <h1><span>WIE WIR<\/span> \n                        <span><img decoding=\"async\" src=\"https:\/\/www.theshift.today\/wp-content\/uploads\/2023\/04\/compass.svg\" alt=\"\"> ARBEIT<\/span>\n                    <\/h1>\n                <\/div>\n            <\/div>\n        <\/div>\n    <\/section>\n\n    <section class=\"our_mission \">\n        <div class=\"shift_container\">\n            <div class=\"shift_full_col\">\n                <h1 class=\"sec_head\">Unsere DNA<\/h1>\n                <div class=\"sec_txts\">\n                <p>Beim SHIFT geht es um einen <b>Richtungswechsel<\/b>, einen Neuanfang mit einer einzigartigen Vision und einem innovativen systemischen Ansatz zur Integration positiver Ver\u00e4nderungen in Ihrer Organisation.\n<br><br>\n\nAngetrieben von Zweck, Leidenschaft und Innovation arbeiten wir mit lokalen Organisationen zusammen, um (wieder) positive Auswirkungen zu erzielen.\n\nMit unserem 361-Grad-Ansatz stellen wir den Status quo in Frage, um einzigartige Wege zum Wandel zu entwerfen, die sich auf Menschen, Planeten und Wohlstand konzentrieren.<\/p>\n                <!-- <button id=\"myBtn\">btn<\/button>\n                <input type=\"text\" value=\"copy the text\" id=\"selectTxt\"> -->\n                <\/div>\n            <\/div>\n            <div class=\"shifl_full_col\">\n                <div class=\"shift_h_tab\">\n                <ul class=\"shift_tabs\">\n                                    <\/ul>\n                <\/div>\n                <div class=\"shift_h_tab_container\">\n\n                    \n                <\/div>\n            <\/div>\n        <\/div>\n    <\/section>\n\n\n    <section class=\"our_solution mt_0 pt_120 pb_100\">\n        <div class=\"shift_container\">\n            <div class=\"shift_row\">\n                <div class=\"shift_full_col\">\n                    <h1 class=\"sec_head\">Unsere L\u00f6sungen<\/h1>\n                <\/div>\n                <div class=\"shift_full_col\">\n                    <div class=\"shift_row\">\n                        <div class=\"shift_v_tab fxd_hght_ovrflw\">\n                            <ul class=\"shift_tabs\">\n                                                                    <li class=\"actv_tab\" data-target=\"1solution_tab\">Erkunden Sie  <\/li>\n                                                                    <li class=\"\" data-target=\"2solution_tab\">Ratschl\u00e4ge<\/li>\n                                                                    <li class=\"\" data-target=\"3solution_tab\">Umsetzung<\/li>\n                                                                    <li class=\"\" data-target=\"4solution_tab\">InsPower<\/li>\n                                                            <\/ul>\n                            <div class=\"shift_full_col btn_for_desktop\">\n                                                                    <a href=\"https:\/\/www.theshift.today\/de\/wer-wir-sind\/#our_client\" target=\"_self\">UNSERE KUNDEN<\/a>\n                                                            <\/div>\n                        <\/div>\n                        <div class=\"shift_v_tab_container\">\n\n                                                        <div id=\"1solution_tab\" class=\"shift_tab_content\">\n                                <div class=\"shift_row\">\n                                    <div class=\"shift_full_col\">\n                                        <div class=\"img_caption_2\">Das Bestehende in Frage stellen, neue Gebiete erkunden<\/div>\n                                        <div class=\"img_txt_2\">&#8211; Kennen Sie die Nachhaltigkeitsaspekte in Ihrem Unternehmen und Ihrer Branche?<br>\r\n&#8211; Haben Sie Ihren Zweck definiert?<br>\r\n&#8211; Wissen Sie, wie Sie Ihre nachhaltige Marke und Ihren kommerziellen Wert aufbauen k\u00f6nnen?<\/div>\n                                        <div class=\"img_block\"><img decoding=\"async\" src=\"https:\/\/www.theshift.today\/wp-content\/uploads\/2023\/04\/tab_img.jpg\"><\/div>\n                                    <\/div>\n                                    <div class=\"shift_full_col\">\n                                        <div class=\"img_caption\">Dienstleistungen<\/div>\n                                    <\/div>\n\n                                <\/div>\n                                <div class=\"shift_row service_row\">\n                                                                            <div class=\"shift_col_50\">\n                                            <div class=\"inner_tab_btn\">B Corp Folgenabsch\u00e4tzung<\/div>\n                                            <p>Beurteilen Sie Ihre Ausgangssituation<\/p>\n                                        <\/div>\n                                                                            <div class=\"shift_col_50\">\n                                            <div class=\"inner_tab_btn\">Sustainability Maturity Scan<\/div>\n                                            <p>Machen Sie sich ein Bild von Ihren St\u00e4rken und Schw\u00e4chen<\/p>\n                                        <\/div>\n                                                                            <div class=\"shift_col_50\">\n                                            <div class=\"inner_tab_btn\">Portr\u00e4t einer bl\u00fchenden Organisation<\/div>\n                                            <p>Tiefes Eintauchen in das Verst\u00e4ndnis des Zwecks Ihrer Organisation<\/p>\n                                        <\/div>\n                                                                            <div class=\"shift_col_50\">\n                                            <div class=\"inner_tab_btn\">Benchmark-Studie<\/div>\n                                            <p>Vergleich mit anderen Organisationen, um \u00fcber die n\u00e4chsten Schritte zu entscheiden<\/p>\n                                        <\/div>\n                                                                            <div class=\"shift_col_50\">\n                                            <div class=\"inner_tab_btn\"><\/div>\n                                            <p><\/p>\n                                        <\/div>\n                                                                    <\/div>\n                            <\/div>\n                                                        <div id=\"2solution_tab\" class=\"shift_tab_content\">\n                                <div class=\"shift_row\">\n                                    <div class=\"shift_full_col\">\n                                        <div class=\"img_caption_2\">H\u00f6ren Sie zu, um zu bef\u00e4higen<\/div>\n                                        <div class=\"img_txt_2\">&#8211; Wie kann ich mein &#8222;Unternehmen im Auftrag&#8220; ausbauen?  <br>\r\n&#8211; Haben Sie Stakeholder definiert? Wie gehen Sie mit ihnen um?<br>\r\n&#8211; Haben Sie Ihre strategische Vision und den Weg dorthin definiert (Mission)?<\/div>\n                                        <div class=\"img_block\"><img decoding=\"async\" src=\"https:\/\/www.theshift.today\/wp-content\/uploads\/2023\/04\/tab_img_2.jpg\"><\/div>\n                                    <\/div>\n                                    <div class=\"shift_full_col\">\n                                        <div class=\"img_caption\">Dienstleistungen<\/div>\n                                    <\/div>\n\n                                <\/div>\n                                <div class=\"shift_row service_row\">\n                                                                            <div class=\"shift_col_50\">\n                                            <div class=\"inner_tab_btn\">Wesentlichkeitsmatrix<\/div>\n                                            <p>Definieren Sie, was am wichtigsten ist und was nicht&#8230;<\/p>\n                                        <\/div>\n                                                                            <div class=\"shift_col_50\">\n                                            <div class=\"inner_tab_btn\">Workshop zur Einbeziehung von Interessengruppen<\/div>\n                                            <p>Sicherstellung des Inputs der Stakeholder und Maximierung des Grads ihrer Beteiligung<\/p>\n                                        <\/div>\n                                                                            <div class=\"shift_col_50\">\n                                            <div class=\"inner_tab_btn\">Entwicklung einer Strategie<\/div>\n                                            <p>Entscheiden Sie sich f\u00fcr das gro\u00dfe Ganze, bevor Sie sich mit den Details besch\u00e4ftigen<\/p>\n                                        <\/div>\n                                                                    <\/div>\n                            <\/div>\n                                                        <div id=\"3solution_tab\" class=\"shift_tab_content\">\n                                <div class=\"shift_row\">\n                                    <div class=\"shift_full_col\">\n                                        <div class=\"img_caption_2\">Verbinden Sie die Punkte und lassen Sie es geschehen<\/div>\n                                        <div class=\"img_txt_2\">&#8211; Haben Sie die Mittel, um die Herausforderungen zu bew\u00e4ltigen?  <br>\r\n&#8211; Berichten und kommunizieren Sie?  <br>\r\n&#8211; Haben Sie die Risiken der Unt\u00e4tigkeit erkannt?<\/div>\n                                        <div class=\"img_block\"><img decoding=\"async\" src=\"https:\/\/www.theshift.today\/wp-content\/uploads\/2023\/04\/who_we_are.jpg\"><\/div>\n                                    <\/div>\n                                    <div class=\"shift_full_col\">\n                                        <div class=\"img_caption\">Dienstleistungen<\/div>\n                                    <\/div>\n\n                                <\/div>\n                                <div class=\"shift_row service_row\">\n                                                                            <div class=\"shift_col_50\">\n                                            <div class=\"inner_tab_btn\">Berechnung des Kohlenstoff- und Plastik-Fu\u00dfabdrucks<\/div>\n                                            <p>Messen, worauf es ankommt, um den gew\u00fcnschten Wandel objektiv voranzutreiben<\/p>\n                                        <\/div>\n                                                                            <div class=\"shift_col_50\">\n                                            <div class=\"inner_tab_btn\">Operative Unterst\u00fctzung \/ Abordnung<\/div>\n                                            <p>Krempeln Sie die \u00c4rmel hoch und setzen Sie Verbesserungen um<\/p>\n                                        <\/div>\n                                                                            <div class=\"shift_col_50\">\n                                            <div class=\"inner_tab_btn\">Entwicklung von Partnerschaften \/ Sponsoring<\/div>\n                                            <p>Identifizierung und Sicherung von Partnerschaften mit einem bestimmten Ziel<\/p>\n                                        <\/div>\n                                                                    <\/div>\n                            <\/div>\n                                                        <div id=\"4solution_tab\" class=\"shift_tab_content\">\n                                <div class=\"shift_row\">\n                                    <div class=\"shift_full_col\">\n                                        <div class=\"img_caption_2\">Inspirieren und bef\u00e4higen, um die Wirkung zu maximieren<\/div>\n                                        <div class=\"img_txt_2\">&#8211; Steht Ihr Gesch\u00e4ftsmodell im Einklang mit Ihrem Hauptziel?<br>\r\n&#8211; F\u00f6rdern wir eine Kultur des kontinuierlichen Lernens und der Verbesserung?<br>\r\n&#8211; Wie k\u00f6nnen Sie in Ihrer Branche eine Vorreiterrolle f\u00fcr den Wandel \u00fcbernehmen?<\/div>\n                                        <div class=\"img_block\"><img decoding=\"async\" src=\"https:\/\/www.theshift.today\/wp-content\/uploads\/2023\/04\/blog_listing.jpg\"><\/div>\n                                    <\/div>\n                                    <div class=\"shift_full_col\">\n                                        <div class=\"img_caption\">Dienstleistungen<\/div>\n                                    <\/div>\n\n                                <\/div>\n                                <div class=\"shift_row service_row\">\n                                                                            <div class=\"shift_col_50\">\n                                            <div class=\"inner_tab_btn\">Erstellung von Inhalten<\/div>\n                                            <p>Kommunikation \u00fcber Nachhaltigkeit auf glaubw\u00fcrdige und ansprechende Weise<\/p>\n                                        <\/div>\n                                                                            <div class=\"shift_col_50\">\n                                            <div class=\"inner_tab_btn\">Ausbildung im Bereich Medien und Nachhaltigkeit<\/div>\n                                            <p>Sprechern die M\u00f6glichkeit geben, \u00f6ffentlich \u00fcber Nachhaltigkeit zu sprechen<\/p>\n                                        <\/div>\n                                                                            <div class=\"shift_col_50\">\n                                            <div class=\"inner_tab_btn\">Entwicklung und Durchf\u00fchrung von Kampagnen<\/div>\n                                            <p>Bewusstseinsbildung und Finanzierung f\u00fcr Nachhaltigkeit<\/p>\n                                        <\/div>\n                                                                    <\/div>\n                            <\/div>\n                            \n                        <\/div>\n                    <\/div>\n                <\/div>\n                <div class=\"shift_full_col btn_for_mobile\">\n                                            <a href=\"https:\/\/www.theshift.today\/de\/wer-wir-sind\/#our_client\" target=\"_self\">UNSERE KUNDEN<\/a>\n                                    <\/div>\n            <\/div>\n        <\/div>\n    <\/section>\n\n\n    <section class=\"what_is_shift\">\n        <div class=\"shift_container p-rel\">\n            <div class=\"just_numbers\">\n                <ul>\n                                    <\/ul>\n            <\/div>\n            <div class=\"shift_row\">\n                <div class=\"shift_col_60\">\n                    <h1 class=\"sec_head\">Der SHIFT-Kompass<\/h1>\n                    <h3 class=\"mid_head\">Der SHIFT-Kompass ist<\/h3>\n                    <p>Ein <b>moralischer Kompass<\/b>, der von unserer gemeinsamen Verantwortung f\u00fcr die Menschen, den Planeten und den gemeinsamen Wohlstand inspiriert ist.<br><br>\n\nEin <b>Entscheidungskompass<\/b> auf der Grundlage von Daten, wissenschaftlichen Erkenntnissen, bew\u00e4hrten Verfahren und Benchmarks aus verschiedenen Bereichen.<\/p>\n                <\/div>\n                <div class=\"shift_col_40\">\n                    <div class=\"img_block\">\n                        <img decoding=\"async\" src=\"https:\/\/www.theshift.today\/wp-content\/uploads\/2023\/05\/Compass.png\" alt=\"\">\n                    <\/div>\n                <\/div>\n            <\/div>\n        <\/div>\n    <\/section>","protected":false},"excerpt":{"rendered":"","protected":false},"author":1,"featured_media":0,"parent":0,"menu_order":0,"comment_status":"closed","ping_status":"closed","template":"templates\/how_we_work.php","meta":{"inline_featured_image":false,"footnotes":""},"acf":[],"yoast_head":"<!-- This site is optimized with the Yoast SEO plugin v21.5 - https:\/\/yoast.com\/wordpress\/plugins\/seo\/ -->\n<title>WIE WIR ARBEITEN - The Shift<\/title>\n<meta name=\"description\" content=\"Angetrieben von Zweck, Leidenschaft und Innovation arbeiten wir mit lokalen Organisationen zusammen, um (wieder) positive Auswirkungen zu erzielen.\" \/>\n<meta name=\"robots\" content=\"index, follow, max-snippet:-1, max-image-preview:large, max-video-preview:-1\" \/>\n<link rel=\"canonical\" href=\"https:\/\/www.theshift.today\/de\/wie-wir-arbeiten\/\" \/>\n<meta property=\"og:locale\" content=\"de_DE\" \/>\n<meta property=\"og:type\" content=\"article\" \/>\n<meta property=\"og:title\" content=\"WIE WIR ARBEITEN - The Shift\" \/>\n<meta property=\"og:description\" content=\"Angetrieben von Zweck, Leidenschaft und Innovation arbeiten wir mit lokalen Organisationen zusammen, um (wieder) positive Auswirkungen zu erzielen.\" \/>\n<meta property=\"og:url\" content=\"https:\/\/www.theshift.today\/de\/wie-wir-arbeiten\/\" \/>\n<meta property=\"og:site_name\" content=\"The Shift\" \/>\n<meta property=\"article:modified_time\" content=\"2023-11-22T14:26:12+00:00\" \/>\n<meta name=\"twitter:card\" content=\"summary_large_image\" \/>\n<script type=\"application\/ld+json\" class=\"yoast-schema-graph\">{\"@context\":\"https:\/\/schema.org\",\"@graph\":[{\"@type\":\"WebPage\",\"@id\":\"https:\/\/www.theshift.today\/de\/wie-wir-arbeiten\/\",\"url\":\"https:\/\/www.theshift.today\/de\/wie-wir-arbeiten\/\",\"name\":\"WIE WIR ARBEITEN - The Shift\",\"isPartOf\":{\"@id\":\"https:\/\/www.theshift.today\/de\/#website\"},\"datePublished\":\"2023-04-10T12:24:10+00:00\",\"dateModified\":\"2023-11-22T14:26:12+00:00\",\"description\":\"Angetrieben von Zweck, Leidenschaft und Innovation arbeiten wir mit lokalen Organisationen zusammen, um (wieder) positive Auswirkungen zu erzielen.\",\"breadcrumb\":{\"@id\":\"https:\/\/www.theshift.today\/de\/wie-wir-arbeiten\/#breadcrumb\"},\"inLanguage\":\"de-DE\",\"potentialAction\":[{\"@type\":\"ReadAction\",\"target\":[\"https:\/\/www.theshift.today\/de\/wie-wir-arbeiten\/\"]}]},{\"@type\":\"BreadcrumbList\",\"@id\":\"https:\/\/www.theshift.today\/de\/wie-wir-arbeiten\/#breadcrumb\",\"itemListElement\":[{\"@type\":\"ListItem\",\"position\":1,\"name\":\"Home\",\"item\":\"https:\/\/www.theshift.today\/de\/\"},{\"@type\":\"ListItem\",\"position\":2,\"name\":\"WIE WIR ARBEITEN\"}]},{\"@type\":\"WebSite\",\"@id\":\"https:\/\/www.theshift.today\/de\/#website\",\"url\":\"https:\/\/www.theshift.today\/de\/\",\"name\":\"The Shift\",\"description\":\"It&#039;s not a revolution. It&#039;s a Shift.\",\"potentialAction\":[{\"@type\":\"SearchAction\",\"target\":{\"@type\":\"EntryPoint\",\"urlTemplate\":\"https:\/\/www.theshift.today\/de\/?s={search_term_string}\"},\"query-input\":\"required name=search_term_string\"}],\"inLanguage\":\"de-DE\"}]}<\/script>\n<!-- \/ Yoast SEO plugin. -->","yoast_head_json":{"title":"WIE WIR ARBEITEN - The Shift","description":"Angetrieben von Zweck, Leidenschaft und Innovation arbeiten wir mit lokalen Organisationen zusammen, um (wieder) positive Auswirkungen zu erzielen.","robots":{"index":"index","follow":"follow","max-snippet":"max-snippet:-1","max-image-preview":"max-image-preview:large","max-video-preview":"max-video-preview:-1"},"canonical":"https:\/\/www.theshift.today\/de\/wie-wir-arbeiten\/","og_locale":"de_DE","og_type":"article","og_title":"WIE WIR ARBEITEN - The Shift","og_description":"Angetrieben von Zweck, Leidenschaft und Innovation arbeiten wir mit lokalen Organisationen zusammen, um (wieder) positive Auswirkungen zu erzielen.","og_url":"https:\/\/www.theshift.today\/de\/wie-wir-arbeiten\/","og_site_name":"The Shift","article_modified_time":"2023-11-22T14:26:12+00:00","twitter_card":"summary_large_image","schema":{"@context":"https:\/\/schema.org","@graph":[{"@type":"WebPage","@id":"https:\/\/www.theshift.today\/de\/wie-wir-arbeiten\/","url":"https:\/\/www.theshift.today\/de\/wie-wir-arbeiten\/","name":"WIE WIR ARBEITEN - The Shift","isPartOf":{"@id":"https:\/\/www.theshift.today\/de\/#website"},"datePublished":"2023-04-10T12:24:10+00:00","dateModified":"2023-11-22T14:26:12+00:00","description":"Angetrieben von Zweck, Leidenschaft und Innovation arbeiten wir mit lokalen Organisationen zusammen, um (wieder) positive Auswirkungen zu erzielen.","breadcrumb":{"@id":"https:\/\/www.theshift.today\/de\/wie-wir-arbeiten\/#breadcrumb"},"inLanguage":"de-DE","potentialAction":[{"@type":"ReadAction","target":["https:\/\/www.theshift.today\/de\/wie-wir-arbeiten\/"]}]},{"@type":"BreadcrumbList","@id":"https:\/\/www.theshift.today\/de\/wie-wir-arbeiten\/#breadcrumb","itemListElement":[{"@type":"ListItem","position":1,"name":"Home","item":"https:\/\/www.theshift.today\/de\/"},{"@type":"ListItem","position":2,"name":"WIE WIR ARBEITEN"}]},{"@type":"WebSite","@id":"https:\/\/www.theshift.today\/de\/#website","url":"https:\/\/www.theshift.today\/de\/","name":"The Shift","description":"It&#039;s not a revolution. It&#039;s a Shift.","potentialAction":[{"@type":"SearchAction","target":{"@type":"EntryPoint","urlTemplate":"https:\/\/www.theshift.today\/de\/?s={search_term_string}"},"query-input":"required name=search_term_string"}],"inLanguage":"de-DE"}]}},"_links":{"self":[{"href":"https:\/\/www.theshift.today\/de\/wp-json\/wp\/v2\/pages\/933"}],"collection":[{"href":"https:\/\/www.theshift.today\/de\/wp-json\/wp\/v2\/pages"}],"about":[{"href":"https:\/\/www.theshift.today\/de\/wp-json\/wp\/v2\/types\/page"}],"author":[{"embeddable":true,"href":"https:\/\/www.theshift.today\/de\/wp-json\/wp\/v2\/users\/1"}],"replies":[{"embeddable":true,"href":"https:\/\/www.theshift.today\/de\/wp-json\/wp\/v2\/comments?post=933"}],"version-history":[{"count":5,"href":"https:\/\/www.theshift.today\/de\/wp-json\/wp\/v2\/pages\/933\/revisions"}],"predecessor-version":[{"id":985,"href":"https:\/\/www.theshift.today\/de\/wp-json\/wp\/v2\/pages\/933\/revisions\/985"}],"wp:attachment":[{"href":"https:\/\/www.theshift.today\/de\/wp-json\/wp\/v2\/media?parent=933"}],"curies":[{"name":"wp","href":"https:\/\/api.w.org\/{rel}","templated":true}]}}